{"id":37,"date":"2019-05-27T13:57:51","date_gmt":"2019-05-27T11:57:51","guid":{"rendered":"http:\/\/www.north-austrian-motorcycles.at\/hp1\/?page_id=37"},"modified":"2019-06-11T13:20:11","modified_gmt":"2019-06-11T11:20:11","slug":"werkstatt","status":"publish","type":"page","link":"https:\/\/www.north-austrian-motorcycles.at\/hp1\/werkstatt\/","title":{"rendered":"Werkstatt"},"content":{"rendered":"\n<p>Willkommen in der Werkstatt von <strong>North Austrian Motorcycles <\/strong>in Heidenreichstein. <br>In meiner Werkstatt kann ich folgende <strong>Leistungen <\/strong>f\u00fcr dich anbieten.<\/p>\n\n\n\n<h3>Wechsel von Fl\u00fcssigkeiten:<\/h3>\n\n\n\n<ul><li><strong> Motor-, Getriebe-, Kardan-, Gabel\u00f6le<\/strong><\/li><li><strong> Bremsfl\u00fcssigkeit<\/strong><\/li><li><strong> K\u00fchlwasser<\/strong><\/li><li><strong> usw.<\/strong><\/li><\/ul>\n\n\n\n<h3><br>Wechsel von Bauteilen:<\/h3>\n\n\n\n<ul><li> <strong>Z\u00fcndkerzen<\/strong><\/li><li><strong> Luftfilter<\/strong><\/li><li><strong> \u00d6lfilter<\/strong><\/li><li><strong> Batterie<\/strong><\/li><li><strong> Bremsscheiben<\/strong><\/li><li><strong> Bremskl\u00f6tze<\/strong><\/li><li><strong> usw.<\/strong><\/li><\/ul>\n\n\n\n<p><br>Durch meine Jahrelange Erfahrung als Hobbyrennfahrer auf diversen Rennstrecken, gebe ich gerne meine Erfahrungen weiter. Wie zum Beispiel die richtige Reifenwahl und Luftdruck, sowie Fahrwerkseinstellungen, usw.<\/p>\n\n\n\n<p>Auch die \u00a757a \u00dcberpr\u00fcfung (Pickerl), wird durch Kooperation mit der Firma Autohaus H\u00f6rmann angeboten.<\/p>\n\n\n\n<p>Komm vorbei und wir werden gemeinsam an der richtigen L\u00f6sung f\u00fcr dich Arbeiten.<\/p>\n\n\n\n<div class=\"wp-block-button\"><a class=\"wp-block-button__link\" href=\"tel:+4366473818103\">Ruf mich an!<\/a><\/div>\n\n\n\n<div class=\"wp-block-image\"><figure class=\"alignleft\"><img loading=\"lazy\" width=\"304\" height=\"171\" src=\"http:\/\/www.north-austrian-motorcycles.at\/hp1\/wp-content\/uploads\/2019\/06\/werkstatt3-304x171.jpg\" alt=\"\" class=\"wp-image-194\" srcset=\"https:\/\/www.north-austrian-motorcycles.at\/hp1\/wp-content\/uploads\/2019\/06\/werkstatt3-304x171.jpg 304w, https:\/\/www.north-austrian-motorcycles.at\/hp1\/wp-content\/uploads\/2019\/06\/werkstatt3-430x242.jpg 430w, https:\/\/www.north-austrian-motorcycles.at\/hp1\/wp-content\/uploads\/2019\/06\/werkstatt3.jpg 768w, https:\/\/www.north-austrian-motorcycles.at\/hp1\/wp-content\/uploads\/2019\/06\/werkstatt3-710x399.jpg 710w\" sizes=\"(max-width: 304px) 100vw, 304px\" \/><figcaption>North Austrian Motorcycles Werkstatt Kundenbereich<\/figcaption><\/figure><\/div>\n\n\n\n<div class=\"wp-block-image\"><figure class=\"alignleft\"><img loading=\"lazy\" width=\"304\" height=\"171\" src=\"http:\/\/www.north-austrian-motorcycles.at\/hp1\/wp-content\/uploads\/2019\/06\/werkstatt2-304x171.jpg\" alt=\"\" class=\"wp-image-193\" srcset=\"https:\/\/www.north-austrian-motorcycles.at\/hp1\/wp-content\/uploads\/2019\/06\/werkstatt2-304x171.jpg 304w, https:\/\/www.north-austrian-motorcycles.at\/hp1\/wp-content\/uploads\/2019\/06\/werkstatt2-430x242.jpg 430w, https:\/\/www.north-austrian-motorcycles.at\/hp1\/wp-content\/uploads\/2019\/06\/werkstatt2.jpg 768w, https:\/\/www.north-austrian-motorcycles.at\/hp1\/wp-content\/uploads\/2019\/06\/werkstatt2-710x399.jpg 710w\" sizes=\"(max-width: 304px) 100vw, 304px\" \/><figcaption>North Austrian Motorcycles Werkstatt Arbeitsbereich<\/figcaption><\/figure><\/div>\n\n\n\n<div class=\"wp-block-image\"><figure class=\"alignleft\"><img loading=\"lazy\" width=\"304\" height=\"171\" src=\"http:\/\/www.north-austrian-motorcycles.at\/hp1\/wp-content\/uploads\/2019\/06\/werkstatt1-304x171.jpg\" alt=\"\" class=\"wp-image-195\" srcset=\"https:\/\/www.north-austrian-motorcycles.at\/hp1\/wp-content\/uploads\/2019\/06\/werkstatt1-304x171.jpg 304w, https:\/\/www.north-austrian-motorcycles.at\/hp1\/wp-content\/uploads\/2019\/06\/werkstatt1-430x242.jpg 430w, https:\/\/www.north-austrian-motorcycles.at\/hp1\/wp-content\/uploads\/2019\/06\/werkstatt1.jpg 768w, https:\/\/www.north-austrian-motorcycles.at\/hp1\/wp-content\/uploads\/2019\/06\/werkstatt1-710x399.jpg 710w\" sizes=\"(max-width: 304px) 100vw, 304px\" \/><figcaption> North Austrian Motorcycles Werkstatt Arbeitsbereich<\/figcaption><\/figure><\/div>\n","protected":false},"excerpt":{"rendered":"<p>Willkommen in der Werkstatt von North Austrian Motorcycles in Heidenreichstein. In meiner Werkstatt kann ich folgende Leistungen f\u00fcr dich anbieten. Wechsel von Fl\u00fcssigkeiten: Motor-, Getriebe-, Kardan-, Gabel\u00f6le Bremsfl\u00fcssigkeit K\u00fchlwasser usw. Wechsel von Bauteilen: Z\u00fcndkerzen Luftfilter \u00d6lfilter Batterie Bremsscheiben Bremskl\u00f6tze usw. Durch meine Jahrelange Erfahrung als Hobbyrennfahrer auf diversen Rennstrecken, gebe ich gerne meine Erfahrungen weiter. [&hellip;]<\/p>\n","protected":false},"author":1,"featured_media":0,"parent":0,"menu_order":0,"comment_status":"closed","ping_status":"closed","template":"","meta":[],"acf":[],"_links":{"self":[{"href":"https:\/\/www.north-austrian-motorcycles.at\/hp1\/wp-json\/wp\/v2\/pages\/37"}],"collection":[{"href":"https:\/\/www.north-austrian-motorcycles.at\/hp1\/wp-json\/wp\/v2\/pages"}],"about":[{"href":"https:\/\/www.north-austrian-motorcycles.at\/hp1\/wp-json\/wp\/v2\/types\/page"}],"author":[{"embeddable":true,"href":"https:\/\/www.north-austrian-motorcycles.at\/hp1\/wp-json\/wp\/v2\/users\/1"}],"replies":[{"embeddable":true,"href":"https:\/\/www.north-austrian-motorcycles.at\/hp1\/wp-json\/wp\/v2\/comments?post=37"}],"version-history":[{"count":22,"href":"https:\/\/www.north-austrian-motorcycles.at\/hp1\/wp-json\/wp\/v2\/pages\/37\/revisions"}],"predecessor-version":[{"id":250,"href":"https:\/\/www.north-austrian-motorcycles.at\/hp1\/wp-json\/wp\/v2\/pages\/37\/revisions\/250"}],"wp:attachment":[{"href":"https:\/\/www.north-austrian-motorcycles.at\/hp1\/wp-json\/wp\/v2\/media?parent=37"}],"curies":[{"name":"wp","href":"https:\/\/api.w.org\/{rel}","templated":true}]}}