{"id":22,"date":"2019-05-27T13:34:12","date_gmt":"2019-05-27T11:34:12","guid":{"rendered":"http:\/\/www.north-austrian-motorcycles.at\/hp1\/?page_id=22"},"modified":"2019-06-11T13:19:30","modified_gmt":"2019-06-11T11:19:30","slug":"herzlich-willkommen","status":"publish","type":"page","link":"https:\/\/www.north-austrian-motorcycles.at\/hp1\/","title":{"rendered":"Herzlich Willkommen"},"content":{"rendered":"\n<h3>Du hast eine Reparatur oder das Service bei deinem Motorrad ist f\u00e4llig?<\/h3>\n\n\n\n<h4>Dann bist du bei mir genau richtig!<\/h4>\n\n\n\n<div class=\"wp-block-image\"><figure class=\"alignright is-resized\"><img loading=\"lazy\" src=\"https:\/\/www.north-austrian-motorcycles.at\/hp1\/wp-content\/uploads\/north_austrian_motorcycles_start-2-847x1024.jpg\" alt=\"North-Austrian-Motorcycles Inhaber Harald Bauer in seiner KFZ-Service Station f\u00fcr Motorr\u00e4der in Heidenreichstein.\" class=\"wp-image-67\" width=\"461\" height=\"556\"\/><figcaption>North-Austrian-Motorcycles Inhaber Harald Bauer in seiner KFZ-Service Station f\u00fcr Motorr\u00e4der in Heidenreichstein. <br>  <code>\u00a9<\/code> by <a href=\"https:\/\/www.motorwaldviertel.at\">https:\/\/www.motorwaldviertel.at<\/a><\/figcaption><\/figure><\/div>\n\n\n\n<p>Mein Name ist Harald Bauer. Ich bin gelernter Mechaniker und Lackierer und betreibe eine KFZ-Service Station f\u00fcr Motorr\u00e4der mit dazugeh\u00f6rigem Handel von Gebrauchtmotorr\u00e4der, sowie einen Reifenhandel mit Montage f\u00fcr Motorr\u00e4der. <\/p>\n\n\n\n<p><br>Mein ganz besonderer Service ist die Abholung der Bikes direkt von zuhause f\u00fcr die Wartung. Frisch gewartet, wenn f\u00e4llig wird auch das Pickerl beim Kooperationspartner gemacht und dann das Zweirad wieder startbereit mit dem Transporter zur\u00fcckgebracht. So l\u00e4sst sich die Winterpause optimal nutzen und die Motorrad Saison kann kommen.&nbsp;<br><\/p>\n\n\n\n<p><strong>Du hast Fragen oder m\u00f6chtest einen Termin vereinbaren? <br><\/strong><\/p>\n\n\n\n<div class=\"wp-block-button\"><a class=\"wp-block-button__link\" href=\"tel:+4366473818103\">Ruf mich an!<\/a><\/div>\n\n\n\n<p><\/p>\n","protected":false},"excerpt":{"rendered":"<p>Du hast eine Reparatur oder das Service bei deinem Motorrad ist f\u00e4llig? Dann bist du bei mir genau richtig! Mein Name ist Harald Bauer. Ich bin gelernter Mechaniker und Lackierer und betreibe eine KFZ-Service Station f\u00fcr Motorr\u00e4der mit dazugeh\u00f6rigem Handel von Gebrauchtmotorr\u00e4der, sowie einen Reifenhandel mit Montage f\u00fcr Motorr\u00e4der. Mein ganz besonderer Service ist die [&hellip;]<\/p>\n","protected":false},"author":1,"featured_media":0,"parent":0,"menu_order":1,"comment_status":"closed","ping_status":"closed","template":"","meta":[],"acf":[],"_links":{"self":[{"href":"https:\/\/www.north-austrian-motorcycles.at\/hp1\/wp-json\/wp\/v2\/pages\/22"}],"collection":[{"href":"https:\/\/www.north-austrian-motorcycles.at\/hp1\/wp-json\/wp\/v2\/pages"}],"about":[{"href":"https:\/\/www.north-austrian-motorcycles.at\/hp1\/wp-json\/wp\/v2\/types\/page"}],"author":[{"embeddable":true,"href":"https:\/\/www.north-austrian-motorcycles.at\/hp1\/wp-json\/wp\/v2\/users\/1"}],"replies":[{"embeddable":true,"href":"https:\/\/www.north-austrian-motorcycles.at\/hp1\/wp-json\/wp\/v2\/comments?post=22"}],"version-history":[{"count":16,"href":"https:\/\/www.north-austrian-motorcycles.at\/hp1\/wp-json\/wp\/v2\/pages\/22\/revisions"}],"predecessor-version":[{"id":249,"href":"https:\/\/www.north-austrian-motorcycles.at\/hp1\/wp-json\/wp\/v2\/pages\/22\/revisions\/249"}],"wp:attachment":[{"href":"https:\/\/www.north-austrian-motorcycles.at\/hp1\/wp-json\/wp\/v2\/media?parent=22"}],"curies":[{"name":"wp","href":"https:\/\/api.w.org\/{rel}","templated":true}]}}